{"id":631,"date":"2023-10-04T15:23:33","date_gmt":"2023-10-04T15:23:33","guid":{"rendered":"https:\/\/fanme.es\/pay\/?post_type=product&#038;p=631"},"modified":"2024-06-12T09:30:29","modified_gmt":"2024-06-12T09:30:29","slug":"mantenimiento-web-seo","status":"publish","type":"product","link":"https:\/\/fanme.es\/pay\/product\/mantenimiento-web-seo\/","title":{"rendered":"Mantenimiento WEB + SEO"},"content":{"rendered":"<p>Mantenemos actualizada su p\u00e1gina web as\u00ed como la actualizaci\u00f3n y optimizaci\u00f3n de los recursos de su servidor.<\/p>\n<ul>\n<li>Cambios en el texto de la p\u00e1gina web<\/li>\n<li>Actualizaci\u00f3n de im\u00e1genes de la p\u00e1gina web<\/li>\n<li>Actualizaci\u00f3n de plugins (para p\u00e1ginas php)<\/li>\n<li>Eliminaci\u00f3n de Malware y Spam (para p\u00e1ginas con comentarios o blogs)<\/li>\n<li>Cambios en banners o Pop-up para estacionales o promociones<\/li>\n<li>Anal\u00edtica web<\/li>\n<li>Optimizaci\u00f3n para motores de b\u00fasqueda (SEO)<\/li>\n<\/ul>\n<p>&nbsp;<\/p>\n<p>No incluye cambios en la programaci\u00f3n o re-dise\u00f1o de la pagina web.<\/p>\n","protected":false},"excerpt":{"rendered":"<p>Mantenimiento WEB, Anal\u00edtica y SEO.<\/p>\n<h6>*Precios m\u00e1s IVA<\/h6>\n","protected":false},"featured_media":632,"comment_status":"open","ping_status":"closed","template":"","meta":{"neve_meta_sidebar":"","neve_meta_container":"","neve_meta_enable_content_width":"off","neve_meta_content_width":100,"neve_meta_title_alignment":"","neve_meta_author_avatar":"","neve_post_elements_order":"","neve_meta_disable_header":"","neve_meta_disable_footer":"","neve_meta_disable_title":""},"product_brand":[],"product_cat":[30],"product_tag":[45,46],"class_list":{"0":"post-631","1":"product","2":"type-product","3":"status-publish","4":"has-post-thumbnail","6":"product_cat-captacion","7":"product_tag-mantenimiento-web","8":"product_tag-seo","10":"first","11":"instock","12":"taxable","13":"shipping-taxable","14":"purchasable","15":"product-type-variable-subscription"},"yoast_head":"<!-- This site is optimized with the Yoast SEO plugin v27.3 - https:\/\/yoast.com\/product\/yoast-seo-wordpress\/ -->\n<title>Mantenimiento WEB + SEO - FanMe<\/title>\n<meta name=\"robots\" content=\"index, follow, max-snippet:-1, max-image-preview:large, max-video-preview:-1\" \/>\n<link rel=\"canonical\" href=\"https:\/\/fanme.es\/pay\/product\/mantenimiento-web-seo\/\" \/>\n<meta property=\"og:locale\" content=\"es_ES\" \/>\n<meta property=\"og:type\" content=\"article\" \/>\n<meta property=\"og:title\" content=\"Mantenimiento WEB + SEO - FanMe\" \/>\n<meta property=\"og:description\" content=\"Mantenimiento WEB, Anal\u00edtica y SEO. *Precios m\u00e1s IVA\" \/>\n<meta property=\"og:url\" content=\"https:\/\/fanme.es\/pay\/product\/mantenimiento-web-seo\/\" \/>\n<meta property=\"og:site_name\" content=\"FanMe\" \/>\n<meta property=\"article:modified_time\" content=\"2024-06-12T09:30:29+00:00\" \/>\n<meta property=\"og:image\" content=\"https:\/\/fanme.es\/pay\/wp-content\/uploads\/2023\/10\/fanme-mantenimiento-web-seo.jpg\" \/>\n\t<meta property=\"og:image:width\" content=\"800\" \/>\n\t<meta property=\"og:image:height\" content=\"529\" \/>\n\t<meta property=\"og:image:type\" content=\"image\/jpeg\" \/>\n<meta name=\"twitter:card\" content=\"summary_large_image\" \/>\n<script type=\"application\/ld+json\" class=\"yoast-schema-graph\">{\"@context\":\"https:\\\/\\\/schema.org\",\"@graph\":[{\"@type\":\"WebPage\",\"@id\":\"https:\\\/\\\/fanme.es\\\/pay\\\/product\\\/mantenimiento-web-seo\\\/\",\"url\":\"https:\\\/\\\/fanme.es\\\/pay\\\/product\\\/mantenimiento-web-seo\\\/\",\"name\":\"Mantenimiento WEB + SEO - FanMe\",\"isPartOf\":{\"@id\":\"https:\\\/\\\/fanme.es\\\/pay\\\/#website\"},\"primaryImageOfPage\":{\"@id\":\"https:\\\/\\\/fanme.es\\\/pay\\\/product\\\/mantenimiento-web-seo\\\/#primaryimage\"},\"image\":{\"@id\":\"https:\\\/\\\/fanme.es\\\/pay\\\/product\\\/mantenimiento-web-seo\\\/#primaryimage\"},\"thumbnailUrl\":\"https:\\\/\\\/fanme.es\\\/pay\\\/wp-content\\\/uploads\\\/2023\\\/10\\\/fanme-mantenimiento-web-seo.jpg\",\"datePublished\":\"2023-10-04T15:23:33+00:00\",\"dateModified\":\"2024-06-12T09:30:29+00:00\",\"breadcrumb\":{\"@id\":\"https:\\\/\\\/fanme.es\\\/pay\\\/product\\\/mantenimiento-web-seo\\\/#breadcrumb\"},\"inLanguage\":\"es\",\"potentialAction\":[{\"@type\":\"ReadAction\",\"target\":[\"https:\\\/\\\/fanme.es\\\/pay\\\/product\\\/mantenimiento-web-seo\\\/\"]}]},{\"@type\":\"ImageObject\",\"inLanguage\":\"es\",\"@id\":\"https:\\\/\\\/fanme.es\\\/pay\\\/product\\\/mantenimiento-web-seo\\\/#primaryimage\",\"url\":\"https:\\\/\\\/fanme.es\\\/pay\\\/wp-content\\\/uploads\\\/2023\\\/10\\\/fanme-mantenimiento-web-seo.jpg\",\"contentUrl\":\"https:\\\/\\\/fanme.es\\\/pay\\\/wp-content\\\/uploads\\\/2023\\\/10\\\/fanme-mantenimiento-web-seo.jpg\",\"width\":800,\"height\":529},{\"@type\":\"BreadcrumbList\",\"@id\":\"https:\\\/\\\/fanme.es\\\/pay\\\/product\\\/mantenimiento-web-seo\\\/#breadcrumb\",\"itemListElement\":[{\"@type\":\"ListItem\",\"position\":1,\"name\":\"Portada\",\"item\":\"https:\\\/\\\/fanme.es\\\/pay\\\/\"},{\"@type\":\"ListItem\",\"position\":2,\"name\":\"Productos\",\"item\":\"https:\\\/\\\/fanme.es\\\/pay\\\/shop\\\/\"},{\"@type\":\"ListItem\",\"position\":3,\"name\":\"Mantenimiento WEB + SEO\"}]},{\"@type\":\"WebSite\",\"@id\":\"https:\\\/\\\/fanme.es\\\/pay\\\/#website\",\"url\":\"https:\\\/\\\/fanme.es\\\/pay\\\/\",\"name\":\"FanMe!\",\"description\":\"by Cinematiza\",\"publisher\":{\"@id\":\"https:\\\/\\\/fanme.es\\\/pay\\\/#organization\"},\"potentialAction\":[{\"@type\":\"SearchAction\",\"target\":{\"@type\":\"EntryPoint\",\"urlTemplate\":\"https:\\\/\\\/fanme.es\\\/pay\\\/?s={search_term_string}\"},\"query-input\":{\"@type\":\"PropertyValueSpecification\",\"valueRequired\":true,\"valueName\":\"search_term_string\"}}],\"inLanguage\":\"es\"},{\"@type\":\"Organization\",\"@id\":\"https:\\\/\\\/fanme.es\\\/pay\\\/#organization\",\"name\":\"FanMe! by Cinematiza Producciones\",\"url\":\"https:\\\/\\\/fanme.es\\\/pay\\\/\",\"logo\":{\"@type\":\"ImageObject\",\"inLanguage\":\"es\",\"@id\":\"https:\\\/\\\/fanme.es\\\/pay\\\/#\\\/schema\\\/logo\\\/image\\\/\",\"url\":\"https:\\\/\\\/fanme.es\\\/pay\\\/wp-content\\\/uploads\\\/2023\\\/03\\\/fanme-logo-expanded-small.png\",\"contentUrl\":\"https:\\\/\\\/fanme.es\\\/pay\\\/wp-content\\\/uploads\\\/2023\\\/03\\\/fanme-logo-expanded-small.png\",\"width\":500,\"height\":190,\"caption\":\"FanMe! by Cinematiza Producciones\"},\"image\":{\"@id\":\"https:\\\/\\\/fanme.es\\\/pay\\\/#\\\/schema\\\/logo\\\/image\\\/\"}}]}<\/script>\n<!-- \/ Yoast SEO plugin. -->","yoast_head_json":{"title":"Mantenimiento WEB + SEO - FanMe","robots":{"index":"index","follow":"follow","max-snippet":"max-snippet:-1","max-image-preview":"max-image-preview:large","max-video-preview":"max-video-preview:-1"},"canonical":"https:\/\/fanme.es\/pay\/product\/mantenimiento-web-seo\/","og_locale":"es_ES","og_type":"article","og_title":"Mantenimiento WEB + SEO - FanMe","og_description":"Mantenimiento WEB, Anal\u00edtica y SEO. *Precios m\u00e1s IVA","og_url":"https:\/\/fanme.es\/pay\/product\/mantenimiento-web-seo\/","og_site_name":"FanMe","article_modified_time":"2024-06-12T09:30:29+00:00","og_image":[{"width":800,"height":529,"url":"https:\/\/fanme.es\/pay\/wp-content\/uploads\/2023\/10\/fanme-mantenimiento-web-seo.jpg","type":"image\/jpeg"}],"twitter_card":"summary_large_image","schema":{"@context":"https:\/\/schema.org","@graph":[{"@type":"WebPage","@id":"https:\/\/fanme.es\/pay\/product\/mantenimiento-web-seo\/","url":"https:\/\/fanme.es\/pay\/product\/mantenimiento-web-seo\/","name":"Mantenimiento WEB + SEO - FanMe","isPartOf":{"@id":"https:\/\/fanme.es\/pay\/#website"},"primaryImageOfPage":{"@id":"https:\/\/fanme.es\/pay\/product\/mantenimiento-web-seo\/#primaryimage"},"image":{"@id":"https:\/\/fanme.es\/pay\/product\/mantenimiento-web-seo\/#primaryimage"},"thumbnailUrl":"https:\/\/fanme.es\/pay\/wp-content\/uploads\/2023\/10\/fanme-mantenimiento-web-seo.jpg","datePublished":"2023-10-04T15:23:33+00:00","dateModified":"2024-06-12T09:30:29+00:00","breadcrumb":{"@id":"https:\/\/fanme.es\/pay\/product\/mantenimiento-web-seo\/#breadcrumb"},"inLanguage":"es","potentialAction":[{"@type":"ReadAction","target":["https:\/\/fanme.es\/pay\/product\/mantenimiento-web-seo\/"]}]},{"@type":"ImageObject","inLanguage":"es","@id":"https:\/\/fanme.es\/pay\/product\/mantenimiento-web-seo\/#primaryimage","url":"https:\/\/fanme.es\/pay\/wp-content\/uploads\/2023\/10\/fanme-mantenimiento-web-seo.jpg","contentUrl":"https:\/\/fanme.es\/pay\/wp-content\/uploads\/2023\/10\/fanme-mantenimiento-web-seo.jpg","width":800,"height":529},{"@type":"BreadcrumbList","@id":"https:\/\/fanme.es\/pay\/product\/mantenimiento-web-seo\/#breadcrumb","itemListElement":[{"@type":"ListItem","position":1,"name":"Portada","item":"https:\/\/fanme.es\/pay\/"},{"@type":"ListItem","position":2,"name":"Productos","item":"https:\/\/fanme.es\/pay\/shop\/"},{"@type":"ListItem","position":3,"name":"Mantenimiento WEB + SEO"}]},{"@type":"WebSite","@id":"https:\/\/fanme.es\/pay\/#website","url":"https:\/\/fanme.es\/pay\/","name":"FanMe!","description":"by Cinematiza","publisher":{"@id":"https:\/\/fanme.es\/pay\/#organization"},"potentialAction":[{"@type":"SearchAction","target":{"@type":"EntryPoint","urlTemplate":"https:\/\/fanme.es\/pay\/?s={search_term_string}"},"query-input":{"@type":"PropertyValueSpecification","valueRequired":true,"valueName":"search_term_string"}}],"inLanguage":"es"},{"@type":"Organization","@id":"https:\/\/fanme.es\/pay\/#organization","name":"FanMe! by Cinematiza Producciones","url":"https:\/\/fanme.es\/pay\/","logo":{"@type":"ImageObject","inLanguage":"es","@id":"https:\/\/fanme.es\/pay\/#\/schema\/logo\/image\/","url":"https:\/\/fanme.es\/pay\/wp-content\/uploads\/2023\/03\/fanme-logo-expanded-small.png","contentUrl":"https:\/\/fanme.es\/pay\/wp-content\/uploads\/2023\/03\/fanme-logo-expanded-small.png","width":500,"height":190,"caption":"FanMe! by Cinematiza Producciones"},"image":{"@id":"https:\/\/fanme.es\/pay\/#\/schema\/logo\/image\/"}}]}},"_links":{"self":[{"href":"https:\/\/fanme.es\/pay\/wp-json\/wp\/v2\/product\/631","targetHints":{"allow":["GET"]}}],"collection":[{"href":"https:\/\/fanme.es\/pay\/wp-json\/wp\/v2\/product"}],"about":[{"href":"https:\/\/fanme.es\/pay\/wp-json\/wp\/v2\/types\/product"}],"replies":[{"embeddable":true,"href":"https:\/\/fanme.es\/pay\/wp-json\/wp\/v2\/comments?post=631"}],"wp:featuredmedia":[{"embeddable":true,"href":"https:\/\/fanme.es\/pay\/wp-json\/wp\/v2\/media\/632"}],"wp:attachment":[{"href":"https:\/\/fanme.es\/pay\/wp-json\/wp\/v2\/media?parent=631"}],"wp:term":[{"taxonomy":"product_brand","embeddable":true,"href":"https:\/\/fanme.es\/pay\/wp-json\/wp\/v2\/product_brand?post=631"},{"taxonomy":"product_cat","embeddable":true,"href":"https:\/\/fanme.es\/pay\/wp-json\/wp\/v2\/product_cat?post=631"},{"taxonomy":"product_tag","embeddable":true,"href":"https:\/\/fanme.es\/pay\/wp-json\/wp\/v2\/product_tag?post=631"}],"curies":[{"name":"wp","href":"https:\/\/api.w.org\/{rel}","templated":true}]}}